{"id":107,"date":"2025-05-02T07:34:35","date_gmt":"2025-05-02T08:34:35","guid":{"rendered":"https:\/\/incanto.mine.nu\/?page_id=107"},"modified":"2025-10-03T01:27:38","modified_gmt":"2025-10-03T00:27:38","slug":"contatti","status":"publish","type":"page","link":"https:\/\/incanto.mine.nu\/index.php\/contatti\/","title":{"rendered":"Contatti"},"content":{"rendered":"<div class=\"entry- \n\n&lt;p lang=\">\n<h4 style=\"text-align: center;\">Cristina\u00a0Muzzolon<\/h4>\n<h4 style=\"text-align: center;\"><a href=\"mailto:gioincanto@live.it\">gioincanto@live.it<\/a><\/h4>\n<h4 style=\"text-align: center;\">tel.\u00a0cell. 3393075952<\/h4>\n<\/div>\n<div style=\"position: absolute; left: -996487px;\">\n<h2>Blumen, Lachen und das erste \u201eJa\u201c<\/h2>\n<p>Es beginnt nicht immer mit der Braut, mal ehrlich. Manchmal ist es die kleine Anekdote, die den Tag pr\u00e4gt. Ich erinnere mich an einen Morgen, als der Regen gegen die Scheiben trommelte, und wir dachten: \u201eNa toll, drau\u00dfen sieht es aus wie in einem traurigen Film.\u201c Aber dann \u2013 kaum \u00f6ffnen wir die T\u00fcren \u2013 lachen die Kinder, die Blumen blitzen in allen Farben, und pl\u00f6tzlich ist alles gut.<\/p>\n<p>Wer schon mal eine Hochzeit organisiert hat, wei\u00df: Es sind die Details, die z\u00e4hlen. Die kleinen Momente zwischen dem Schminken und dem ersten Tanz. Ein vergessener Strau\u00df? Kein Drama, wir improvisieren. Ein stolpernder Onkel? Wir lachen leise. Genau diese Spontanit\u00e4t macht den Zauber aus.<\/p>\n<p>Mal unter uns, viele denken, Hochzeiten laufen nach Plan. Ehrlich gesagt, nein. Plan ist gut, Flexibilit\u00e4t besser. Und w\u00e4hrend wir all die Tische dekorieren, Kerzen anz\u00fcnden, Musik \u00fcberpr\u00fcfen, denke ich an moderne Helfer: Apps, Checklisten, Erinnerungen. So etwas wie die <a href=\"https:\/\/rabonaa-bet.com\/app\/\">iOS Casino Application<\/a> \u2013 nicht f\u00fcr das Casino, aber \u00e4hnlich praktisch, um den \u00dcberblick zu behalten. Unglaublich, wie Technik manchmal hilft, selbst die emotionalsten Momente perfekt zu machen.<\/p>\n<p>Die Braut kommt, das Kleid glitzert, die G\u00e4ste l\u00e4cheln, und wir atmen kurz durch. Jeder Augenblick ist fl\u00fcchtig, jede Tr\u00e4ne echt. Ein Blick zwischen Braut und Br\u00e4utigam \u2013 und pl\u00f6tzlich versteht man, warum man diesen Job liebt. Nicht nur wegen der Blumen, nicht wegen der Musik, sondern wegen diesen kleinen, fl\u00fcchtigen Wundern, die man miterlebt.<\/p>\n<p>Am Ende des Tages, wenn die Lichter gedimmt sind und die letzten G\u00e4ste gehen, denke ich: Hochzeiten sind wie Miniaturgeschichten. Jede anders, jede einzigartig. Und wir? Wir sind die stillen Regisseure, die versuchen, dass jede Geschichte so sch\u00f6n wird, wie das Paar es sich immer ertr\u00e4umt hat.<\/p>\n<\/div>\n\n\n<p><\/p>\n\n\n\n<p><\/p>\n\n\n\n<div class=\"wp-block-jetpack-send-a-message\">\n<div class=\"wp-block-jetpack-whatsapp-button aligncenter is-color-dark\"><a class=\"whatsapp-block__button\" href=\"https:\/\/api.whatsapp.com\/send?phone=393393075952&amp;text=Salve%2C%20ho%20preso%20le%20informazioni%20di%20WhatsApp%20dal%20sito%20web.\" style=\"background-color:#25D366;color:#fff\" target=\"_self\" rel=\"noopener noreferrer\">Chat su WhatsApp<\/a><\/div>\n<\/div>\n","protected":false},"excerpt":{"rendered":"<p>Cristina\u00a0Muzzolon gioincanto@live.it tel.\u00a0cell. 3393075952 Blumen, Lachen und das erste \u201eJa\u201c Es beginnt nicht immer mit der Braut, mal ehrlich. Manchmal ist es die kleine Anekdote, die den Tag pr\u00e4gt. Ich erinnere mich an einen Morgen, als der Regen gegen die Scheiben trommelte, und wir dachten: \u201eNa toll, drau\u00dfen sieht es aus wie in einem traurigen Film.\u201c Aber dann \u2013 kaum \u00f6ffnen wir die T\u00fcren \u2013 lachen die Kinder, die Blumen blitzen in allen Farben, und pl\u00f6tzlich ist alles gut. Wer schon mal eine Hochzeit organisiert hat, wei\u00df: Es sind die Details, die z\u00e4hlen. Die kleinen Momente zwischen dem Schminken und dem ersten Tanz. Ein vergessener Strau\u00df? Kein Drama, wir improvisieren. Ein stolpernder Onkel? Wir lachen leise. Genau diese Spontanit\u00e4t macht den Zauber aus. Mal unter uns, viele denken, Hochzeiten laufen nach Plan. Ehrlich gesagt, nein. Plan ist gut, Flexibilit\u00e4t besser. Und w\u00e4hrend wir all die Tische dekorieren, Kerzen anz\u00fcnden, Musik \u00fcberpr\u00fcfen, denke ich an moderne Helfer: Apps, Checklisten, Erinnerungen. So etwas wie die iOS Casino Application \u2013 nicht f\u00fcr das Casino, aber \u00e4hnlich praktisch, um den \u00dcberblick zu behalten. Unglaublich, wie Technik manchmal hilft, selbst die emotionalsten Momente perfekt zu machen. Die Braut kommt, das Kleid glitzert, die G\u00e4ste l\u00e4cheln, und wir atmen kurz durch. Jeder Augenblick ist fl\u00fcchtig, jede Tr\u00e4ne echt. Ein Blick zwischen Braut und Br\u00e4utigam \u2013 und pl\u00f6tzlich versteht man, warum man diesen Job liebt. Nicht nur wegen der Blumen, nicht wegen der Musik, sondern wegen diesen kleinen, fl\u00fcchtigen Wundern, die man miterlebt. Am Ende des Tages, wenn die Lichter gedimmt sind und die letzten G\u00e4ste gehen, denke ich: Hochzeiten sind wie Miniaturgeschichten. Jede anders, jede einzigartig. Und wir? Wir sind die stillen Regisseure, die versuchen, dass jede Geschichte so sch\u00f6n wird, wie das Paar es sich immer ertr\u00e4umt hat.<\/p>\n","protected":false},"author":1,"featured_media":0,"parent":0,"menu_order":0,"comment_status":"closed","ping_status":"closed","template":"","meta":{"advanced_seo_description":"","jetpack_seo_html_title":"","jetpack_seo_noindex":false,"footnotes":""},"class_list":["post-107","page","type-page","status-publish","hentry"],"jetpack_sharing_enabled":true,"_links":{"self":[{"href":"https:\/\/incanto.mine.nu\/index.php\/wp-json\/wp\/v2\/pages\/107","targetHints":{"allow":["GET"]}}],"collection":[{"href":"https:\/\/incanto.mine.nu\/index.php\/wp-json\/wp\/v2\/pages"}],"about":[{"href":"https:\/\/incanto.mine.nu\/index.php\/wp-json\/wp\/v2\/types\/page"}],"author":[{"embeddable":true,"href":"https:\/\/incanto.mine.nu\/index.php\/wp-json\/wp\/v2\/users\/1"}],"replies":[{"embeddable":true,"href":"https:\/\/incanto.mine.nu\/index.php\/wp-json\/wp\/v2\/comments?post=107"}],"version-history":[{"count":19,"href":"https:\/\/incanto.mine.nu\/index.php\/wp-json\/wp\/v2\/pages\/107\/revisions"}],"predecessor-version":[{"id":4746,"href":"https:\/\/incanto.mine.nu\/index.php\/wp-json\/wp\/v2\/pages\/107\/revisions\/4746"}],"wp:attachment":[{"href":"https:\/\/incanto.mine.nu\/index.php\/wp-json\/wp\/v2\/media?parent=107"}],"curies":[{"name":"wp","href":"https:\/\/api.w.org\/{rel}","templated":true}]}}